{"id":2390,"date":"2024-11-12T17:34:04","date_gmt":"2024-11-12T17:34:04","guid":{"rendered":"https:\/\/creditlogic.com\/nuestra-politica-de-privacidad\/"},"modified":"2025-02-19T14:27:56","modified_gmt":"2025-02-19T14:27:56","slug":"nuestra-politica-de-privacidad","status":"publish","type":"page","link":"https:\/\/creditlogic.com\/es\/nuestra-politica-de-privacidad\/","title":{"rendered":"Nuestra pol\u00edtica de privacidad"},"content":{"rendered":"<section class=\"l-section wpb_row height_large width_custom\" style=\"--site-content-width:900px;\"><div class=\"l-section-h i-cf\"><div class=\"g-cols vc_row via_flex valign_top type_default stacking_default\"><div class=\"vc_col-sm-12 wpb_column vc_column_container\"><div class=\"vc_column-inner\"><div class=\"wpb_wrapper\"><h1 class=\"w-text us_custom_a1aedf1f\"><span class=\"w-text-h\"><span class=\"w-text-value\">Pol\u00edtica de privacidad<br \/>\n<\/span><\/span><\/h1><div class=\"wpb_text_column\"><div class=\"wpb_wrapper\"><p>CreditLogic Limited respeta su privacidad. Trabajamos con entidades financieras y, por tanto, recopilamos datos de empresa a empresa exclusivamente a trav\u00e9s de este sitio web seguro. Nuestro negocio consiste en ofrecer aplicaciones seguras de pr\u00e9stamos hipotecarios que respeten la privacidad y se centren en el consumidor.<\/p>\n<h4>P\u00f3ngase en contacto<\/h4>\n<p>Somos CreditLogic Limited y estamos situados en 10 Clare Street, Dubl\u00edn, Irlanda. N\u00famero de registro 635545. Contacte con nosotros info@creditlogic.com Esta pol\u00edtica fue revisada y actualizada por \u00faltima vez en febrero de 2024. Si desea saber m\u00e1s sobre la privacidad o cumplimiento de la normativa, p\u00f3ngase en contacto con nuestro responsable de protecci\u00f3n de datos privacy@creditlogic.com, quien est\u00e1 registrado en la Comisi\u00f3n Irlandesa de Protecci\u00f3n de Datos. Si cree que no estamos tratando sus datos personales de acuerdo con la ley, tiene derecho a ponerse en contacto con las autoridades de su pa\u00eds y, en el caso de Irlanda, con www.dataprotection.ie.<\/p>\n<h4>Sus datos<\/h4>\n<p>La \u00fanica informaci\u00f3n que recopilamos son los datos de contacto que nos proporciona en los formularios \u00abRegistrarse\u00bb y \u00abSolicitar una demostraci\u00f3n\u00bb. Al rellenar el formulario, da su consentimiento para que CreditLogic se ponga en contacto con usted con fines comerciales. Recopilamos el nombre, la empresa, el tel\u00e9fono y la direcci\u00f3n de correo electr\u00f3nico. Transferimos tus datos desde esta web y los almacenamos de forma segura en HubSpot y G-Suite, ambos dentro de la UE. Utilizamos su informaci\u00f3n \u00fanicamente con fines de comunicaci\u00f3n comercial y no la compartimos con terceros a menos que sea con el fin directo de prestarle un servicio. Almacenamos sus datos solo durante el tiempo que dura nuestra relaci\u00f3n comercial y no m\u00e1s tiempo del necesario. Podr\u00e1 encontrar enlaces a nuestras cuentas de LinkedIn y Twitter. Consulte sus correspondientes pol\u00edticas de privacidad. Para la gesti\u00f3n del consentimiento de cookies, consulte nuestra pol\u00edtica de cookies independiente. En caso de que visite nuestras oficinas, tenemos instaladas c\u00e1maras de videovigilancia para la seguridad de nuestros empleados, visitantes, infraestructura y tecnolog\u00eda. Hay una se\u00f1alizaci\u00f3n clara al entrar en la oficina que indica el tiempo de retenci\u00f3n y el punto de contacto para obtener informaci\u00f3n. Puede consultar nuestra pol\u00edtica sobre el sistema de videovigilancia en cualquier momento.<\/p>\n<h4>Su privacidad<\/h4>\n<p>Tiene derecho a:<\/p>\n<ol>\n<li>Preguntarnos qu\u00e9 informaci\u00f3n tenemos sobre usted y recibir una copia de esos datos<\/li>\n<li>Pedirnos que borremos o interrumpamos la comunicaci\u00f3n con usted<\/li>\n<li>Pedirnos que transfiramos una copia de sus datos a otra organizaci\u00f3n<\/li>\n<li>Comunicarnos si la informaci\u00f3n que tenemos sobre usted es incorrecta o no est\u00e1 actualizada<\/li>\n<\/ol>\n<p>Acusaremos recibo de su solicitud y le atenderemos sin demora. Si en alg\u00fan momento no podemos atenderle, por motivos legales o contractuales, se lo indicaremos.<\/p>\n<\/div><\/div><\/div><\/div><\/div><\/div><\/div><\/section><section class=\"l-section wpb_row height_huge with_img\"><div class=\"l-section-img\" role=\"img\" data-img-width=\"2000\" data-img-height=\"490\" style=\"background-image: url(https:\/\/creditlogic.com\/wp-content\/uploads\/2024\/11\/bkg_call-to-action.jpg);background-repeat: no-repeat;\"><\/div><div class=\"l-section-h i-cf\"><div class=\"g-cols vc_row via_flex valign_top type_default stacking_default\"><div class=\"vc_col-sm-12 wpb_column vc_column_container\"><div class=\"vc_column-inner\"><div class=\"wpb_wrapper\"><div class=\"wpb_text_column us_custom_b73a52ad nobr has_text_color\"><div class=\"wpb_wrapper\"><h2>Simplifique radicalmente su negocio hipotecario. En cuesti\u00f3n de semanas.<\/h2>\n<\/div><\/div><div class=\"w-btn-wrapper align_center\"><a class=\"w-btn us-btn-style_1\" href=\"https:\/\/creditlogic.com\/es\/contacto\/\"><span class=\"w-btn-label\">Pida una demostraci\u00f3n<\/span><\/a><\/div><\/div><\/div><\/div><\/div><\/div><\/section>\n","protected":false},"excerpt":{"rendered":"Pol\u00edtica de privacidad CreditLogic Limited respeta su privacidad. Trabajamos con entidades financieras y, por tanto, recopilamos datos de empresa a empresa exclusivamente a trav\u00e9s de este sitio web seguro. Nuestro negocio consiste en ofrecer aplicaciones seguras de pr\u00e9stamos hipotecarios que respeten la privacidad y se centren en el consumidor. P\u00f3ngase en contacto Somos CreditLogic Limited...","protected":false},"author":8,"featured_media":0,"parent":0,"menu_order":0,"comment_status":"closed","ping_status":"closed","template":"","meta":{"content-type":"","footnotes":""},"class_list":["post-2390","page","type-page","status-publish","hentry"],"yoast_head":"<!-- This site is optimized with the Yoast SEO plugin v27.2 - https:\/\/yoast.com\/product\/yoast-seo-wordpress\/ -->\n<title>Nuestra pol\u00edtica de privacidad &#8211; CreditLogic<\/title>\n<meta name=\"robots\" content=\"index, follow, max-snippet:-1, max-image-preview:large, max-video-preview:-1\" \/>\n<link rel=\"canonical\" href=\"https:\/\/creditlogic.com\/es\/nuestra-politica-de-privacidad\/\" \/>\n<meta property=\"og:locale\" content=\"es_ES\" \/>\n<meta property=\"og:type\" content=\"article\" \/>\n<meta property=\"og:title\" content=\"Nuestra pol\u00edtica de privacidad &#8211; CreditLogic\" \/>\n<meta property=\"og:url\" content=\"https:\/\/creditlogic.com\/es\/nuestra-politica-de-privacidad\/\" \/>\n<meta property=\"og:site_name\" content=\"CreditLogic\" \/>\n<meta property=\"article:modified_time\" content=\"2025-02-19T14:27:56+00:00\" \/>\n<meta property=\"og:image\" content=\"https:\/\/creditlogic.com\/wp-content\/uploads\/2024\/11\/product_hero_image.webp\" \/>\n\t<meta property=\"og:image:width\" content=\"1000\" \/>\n\t<meta property=\"og:image:height\" content=\"950\" \/>\n\t<meta property=\"og:image:type\" content=\"image\/webp\" \/>\n<meta name=\"twitter:card\" content=\"summary_large_image\" \/>\n<meta name=\"twitter:site\" content=\"@creditlogictech\" \/>\n<meta name=\"twitter:label1\" content=\"Tiempo de lectura\" \/>\n\t<meta name=\"twitter:data1\" content=\"3 minutos\" \/>\n<script type=\"application\/ld+json\" class=\"yoast-schema-graph\">{\"@context\":\"https:\/\/schema.org\",\"@graph\":[{\"@type\":\"WebPage\",\"@id\":\"https:\/\/creditlogic.com\/es\/nuestra-politica-de-privacidad\/\",\"url\":\"https:\/\/creditlogic.com\/es\/nuestra-politica-de-privacidad\/\",\"name\":\"Nuestra pol\u00edtica de privacidad &#8211; CreditLogic\",\"isPartOf\":{\"@id\":\"https:\/\/creditlogic.com\/es\/#website\"},\"datePublished\":\"2024-11-12T17:34:04+00:00\",\"dateModified\":\"2025-02-19T14:27:56+00:00\",\"breadcrumb\":{\"@id\":\"https:\/\/creditlogic.com\/es\/nuestra-politica-de-privacidad\/#breadcrumb\"},\"inLanguage\":\"es\",\"potentialAction\":[{\"@type\":\"ReadAction\",\"target\":[\"https:\/\/creditlogic.com\/es\/nuestra-politica-de-privacidad\/\"]}]},{\"@type\":\"BreadcrumbList\",\"@id\":\"https:\/\/creditlogic.com\/es\/nuestra-politica-de-privacidad\/#breadcrumb\",\"itemListElement\":[{\"@type\":\"ListItem\",\"position\":1,\"name\":\"Home\",\"item\":\"https:\/\/creditlogic.com\/es\/\"},{\"@type\":\"ListItem\",\"position\":2,\"name\":\"Nuestra pol\u00edtica de privacidad\"}]},{\"@type\":\"WebSite\",\"@id\":\"https:\/\/creditlogic.com\/es\/#website\",\"url\":\"https:\/\/creditlogic.com\/es\/\",\"name\":\"CreditLogic\",\"description\":\"Mortgage Origination, Radically Simplified\",\"publisher\":{\"@id\":\"https:\/\/creditlogic.com\/es\/#organization\"},\"potentialAction\":[{\"@type\":\"SearchAction\",\"target\":{\"@type\":\"EntryPoint\",\"urlTemplate\":\"https:\/\/creditlogic.com\/es\/?s={search_term_string}\"},\"query-input\":{\"@type\":\"PropertyValueSpecification\",\"valueRequired\":true,\"valueName\":\"search_term_string\"}}],\"inLanguage\":\"es\"},{\"@type\":\"Organization\",\"@id\":\"https:\/\/creditlogic.com\/es\/#organization\",\"name\":\"CreditLogic\",\"url\":\"https:\/\/creditlogic.com\/es\/\",\"logo\":{\"@type\":\"ImageObject\",\"inLanguage\":\"es\",\"@id\":\"https:\/\/creditlogic.com\/es\/#\/schema\/logo\/image\/\",\"url\":\"https:\/\/creditlogic.com\/wp-content\/uploads\/2024\/10\/logo.svg\",\"contentUrl\":\"https:\/\/creditlogic.com\/wp-content\/uploads\/2024\/10\/logo.svg\",\"width\":\"1600\",\"height\":\"1600\",\"caption\":\"CreditLogic\"},\"image\":{\"@id\":\"https:\/\/creditlogic.com\/es\/#\/schema\/logo\/image\/\"},\"sameAs\":[\"https:\/\/x.com\/creditlogictech\",\"https:\/\/www.linkedin.com\/company\/creditlogic\/\"]}]}<\/script>\n<!-- \/ Yoast SEO plugin. -->","yoast_head_json":{"title":"Nuestra pol\u00edtica de privacidad &#8211; CreditLogic","robots":{"index":"index","follow":"follow","max-snippet":"max-snippet:-1","max-image-preview":"max-image-preview:large","max-video-preview":"max-video-preview:-1"},"canonical":"https:\/\/creditlogic.com\/es\/nuestra-politica-de-privacidad\/","og_locale":"es_ES","og_type":"article","og_title":"Nuestra pol\u00edtica de privacidad &#8211; CreditLogic","og_url":"https:\/\/creditlogic.com\/es\/nuestra-politica-de-privacidad\/","og_site_name":"CreditLogic","article_modified_time":"2025-02-19T14:27:56+00:00","og_image":[{"width":1000,"height":950,"url":"https:\/\/creditlogic.com\/wp-content\/uploads\/2024\/11\/product_hero_image.webp","type":"image\/webp"}],"twitter_card":"summary_large_image","twitter_site":"@creditlogictech","twitter_misc":{"Tiempo de lectura":"3 minutos"},"schema":{"@context":"https:\/\/schema.org","@graph":[{"@type":"WebPage","@id":"https:\/\/creditlogic.com\/es\/nuestra-politica-de-privacidad\/","url":"https:\/\/creditlogic.com\/es\/nuestra-politica-de-privacidad\/","name":"Nuestra pol\u00edtica de privacidad &#8211; CreditLogic","isPartOf":{"@id":"https:\/\/creditlogic.com\/es\/#website"},"datePublished":"2024-11-12T17:34:04+00:00","dateModified":"2025-02-19T14:27:56+00:00","breadcrumb":{"@id":"https:\/\/creditlogic.com\/es\/nuestra-politica-de-privacidad\/#breadcrumb"},"inLanguage":"es","potentialAction":[{"@type":"ReadAction","target":["https:\/\/creditlogic.com\/es\/nuestra-politica-de-privacidad\/"]}]},{"@type":"BreadcrumbList","@id":"https:\/\/creditlogic.com\/es\/nuestra-politica-de-privacidad\/#breadcrumb","itemListElement":[{"@type":"ListItem","position":1,"name":"Home","item":"https:\/\/creditlogic.com\/es\/"},{"@type":"ListItem","position":2,"name":"Nuestra pol\u00edtica de privacidad"}]},{"@type":"WebSite","@id":"https:\/\/creditlogic.com\/es\/#website","url":"https:\/\/creditlogic.com\/es\/","name":"CreditLogic","description":"Mortgage Origination, Radically Simplified","publisher":{"@id":"https:\/\/creditlogic.com\/es\/#organization"},"potentialAction":[{"@type":"SearchAction","target":{"@type":"EntryPoint","urlTemplate":"https:\/\/creditlogic.com\/es\/?s={search_term_string}"},"query-input":{"@type":"PropertyValueSpecification","valueRequired":true,"valueName":"search_term_string"}}],"inLanguage":"es"},{"@type":"Organization","@id":"https:\/\/creditlogic.com\/es\/#organization","name":"CreditLogic","url":"https:\/\/creditlogic.com\/es\/","logo":{"@type":"ImageObject","inLanguage":"es","@id":"https:\/\/creditlogic.com\/es\/#\/schema\/logo\/image\/","url":"https:\/\/creditlogic.com\/wp-content\/uploads\/2024\/10\/logo.svg","contentUrl":"https:\/\/creditlogic.com\/wp-content\/uploads\/2024\/10\/logo.svg","width":"1600","height":"1600","caption":"CreditLogic"},"image":{"@id":"https:\/\/creditlogic.com\/es\/#\/schema\/logo\/image\/"},"sameAs":["https:\/\/x.com\/creditlogictech","https:\/\/www.linkedin.com\/company\/creditlogic\/"]}]}},"_links":{"self":[{"href":"https:\/\/creditlogic.com\/es\/wp-json\/wp\/v2\/pages\/2390","targetHints":{"allow":["GET"]}}],"collection":[{"href":"https:\/\/creditlogic.com\/es\/wp-json\/wp\/v2\/pages"}],"about":[{"href":"https:\/\/creditlogic.com\/es\/wp-json\/wp\/v2\/types\/page"}],"author":[{"embeddable":true,"href":"https:\/\/creditlogic.com\/es\/wp-json\/wp\/v2\/users\/8"}],"replies":[{"embeddable":true,"href":"https:\/\/creditlogic.com\/es\/wp-json\/wp\/v2\/comments?post=2390"}],"version-history":[{"count":17,"href":"https:\/\/creditlogic.com\/es\/wp-json\/wp\/v2\/pages\/2390\/revisions"}],"predecessor-version":[{"id":2812,"href":"https:\/\/creditlogic.com\/es\/wp-json\/wp\/v2\/pages\/2390\/revisions\/2812"}],"wp:attachment":[{"href":"https:\/\/creditlogic.com\/es\/wp-json\/wp\/v2\/media?parent=2390"}],"curies":[{"name":"wp","href":"https:\/\/api.w.org\/{rel}","templated":true}]}}