{"id":2438,"date":"2024-11-12T18:39:25","date_gmt":"2024-11-12T18:39:25","guid":{"rendered":"https:\/\/creditlogic.com\/contacto\/"},"modified":"2025-02-19T14:27:47","modified_gmt":"2025-02-19T14:27:47","slug":"contacto","status":"publish","type":"page","link":"https:\/\/creditlogic.com\/es\/contacto\/","title":{"rendered":"Contacto"},"content":{"rendered":"<section class=\"l-section wpb_row us_custom_a8c917e3 height_large\"><div class=\"l-section-h i-cf\"><div class=\"g-cols vc_row via_flex valign_top type_default stacking_default\"><div class=\"vc_col-sm-4 wpb_column vc_column_container\"><div class=\"vc_column-inner\"><div class=\"wpb_wrapper\"><h1 class=\"w-text us_custom_6187a5cd\"><span class=\"w-text-h\"><span class=\"w-text-value\">P\u00f3ngase en contacto<\/span><\/span><\/h1><div class=\"wpb_text_column us_custom_470ce085\"><div class=\"wpb_wrapper\"><p>Compruebe usted mismo qu\u00e9 puede hacer CreditLogic para acelerar el crecimiento de su organizaci\u00f3n.<\/p>\n<\/div><\/div><div class=\"wpb_text_column us_custom_8f696e31\"><div class=\"wpb_wrapper\"><p>Estamos deseando ense\u00f1arle c\u00f3mo funciona.<\/p>\n<\/div><\/div><div class=\"w-separator size_custom\" style=\"height:7rem\" id=\"u4ca\"><style>@media(max-width:1024px){ #u4ca{height:4rem!important}}@media(max-width:600px){ #u4ca{height:4rem!important}}<\/style><\/div><h3 class=\"w-text us_custom_f2eec366\"><span class=\"w-text-h\"><span class=\"w-text-value\">Oficinas<\/span><\/span><\/h3><div class=\"wpb_text_column us_custom_4704e523\"><div class=\"wpb_wrapper\"><p>Irlanda<\/strong> 10 Clare St, Dubl\u00edn, D02 WY43<\/p>\n<\/div><\/div><div class=\"wpb_text_column us_custom_09d3e09f\"><div class=\"wpb_wrapper\"><p>Espa\u00f1a<\/strong> Calle de Don Ram\u00f3n de la Cruz 38, Salamanca, 28001 Madrid<\/p>\n<\/div><\/div><\/div><\/div><\/div><div class=\"vc_col-sm-8 wpb_column vc_column_container\"><div class=\"vc_column-inner\"><div class=\"wpb_wrapper\"><div class=\"w-vwrapper us_custom_9daac26e align_none valign_top\" style=\"--vwrapper-gap:0px\">[vc_raw_html]PHNjcmlwdCBjaGFyc2V0PSJ1dGYtOCIgdHlwZT0idGV4dC9qYXZhc2NyaXB0IiBzcmM9Ii8vanMtZXUxLmhzZm9ybXMubmV0L2Zvcm1zL2VtYmVkL3YyLmpzIj48L3NjcmlwdD4KPHNjcmlwdD4KICBoYnNwdC5mb3Jtcy5jcmVhdGUoewogICAgcG9ydGFsSWQ6ICIyNzEwMTEzMCIsCiAgICBmb3JtSWQ6ICJlYWNjODA3OS0xYzgxLTQ4NGYtYTA2Ny1mNjJkYmU3NGE3ODAiCiAgfSk7Cjwvc2NyaXB0Pg==[\/vc_raw_html]<\/div><\/div><\/div><\/div><\/div><\/div><\/section><section class=\"l-section wpb_row us_custom_f3f68ac4 height_large\"><div class=\"l-section-h i-cf\"><div class=\"g-cols vc_row via_flex valign_top type_default stacking_default\"><div class=\"vc_col-sm-12 wpb_column vc_column_container\"><div class=\"vc_column-inner\"><div class=\"wpb_wrapper\"><div class=\"wpb_text_column us_custom_6eabce6f nobr\"><div class=\"wpb_wrapper\"><h2>Contamos con la confianza de las principales instituciones<\/h2>\n<\/div><\/div><div class=\"w-hwrapper logos valign_middle wrap align_justify\" style=\"--hwrapper-gap:0px\"><div class=\"w-vwrapper us_custom_e0ccbbaf align_center valign_middle\" style=\"--vwrapper-gap:0px\"><div class=\"w-image us_custom_6e7fb6c6 align_none\"><div class=\"w-image-h\"><img decoding=\"async\" width=\"128\" height=\"88\" src=\"https:\/\/creditlogic.com\/wp-content\/uploads\/2024\/10\/home-logo4.png\" class=\"attachment-full size-full\" alt=\"\" loading=\"lazy\" \/><\/div><\/div><\/div><div class=\"w-vwrapper us_custom_e0ccbbaf align_center valign_middle\" style=\"--vwrapper-gap:0px\"><div class=\"w-image align_none\"><div class=\"w-image-h\"><img decoding=\"async\" width=\"82\" height=\"88\" src=\"https:\/\/creditlogic.com\/wp-content\/uploads\/2024\/10\/home-logo5.png\" class=\"attachment-full size-full\" alt=\"\" loading=\"lazy\" \/><\/div><\/div><\/div><div class=\"w-vwrapper us_custom_e0ccbbaf align_center valign_middle\" style=\"--vwrapper-gap:0px\"><div class=\"w-image align_none\"><div class=\"w-image-h\"><img decoding=\"async\" width=\"108\" height=\"88\" src=\"https:\/\/creditlogic.com\/wp-content\/uploads\/2024\/10\/home-logo3.png\" class=\"attachment-full size-full\" alt=\"\" loading=\"lazy\" \/><\/div><\/div><\/div><div class=\"w-vwrapper us_custom_e0ccbbaf align_center valign_middle\" style=\"--vwrapper-gap:0px\"><div class=\"w-image align_none\"><div class=\"w-image-h\"><img decoding=\"async\" width=\"170\" height=\"88\" src=\"https:\/\/creditlogic.com\/wp-content\/uploads\/2024\/11\/home-logo7.png\" class=\"attachment-full size-full\" alt=\"\" loading=\"lazy\" \/><\/div><\/div><\/div><div class=\"w-vwrapper us_custom_e0ccbbaf align_center valign_middle\" style=\"--vwrapper-gap:0px\"><div class=\"w-image align_none\"><div class=\"w-image-h\"><img decoding=\"async\" width=\"284\" height=\"88\" src=\"https:\/\/creditlogic.com\/wp-content\/uploads\/2024\/10\/home-logo2.png\" class=\"attachment-full size-full\" alt=\"\" loading=\"lazy\" \/><\/div><\/div><\/div><div class=\"w-vwrapper us_custom_e0ccbbaf align_center valign_middle\" style=\"--vwrapper-gap:0px\"><div class=\"w-image align_none\"><div class=\"w-image-h\"><img decoding=\"async\" width=\"226\" height=\"88\" src=\"https:\/\/creditlogic.com\/wp-content\/uploads\/2024\/10\/home-logo1.png\" class=\"attachment-full size-full\" alt=\"\" loading=\"lazy\" \/><\/div><\/div><\/div><\/div><\/div><\/div><\/div><\/div><\/div><\/section>\n","protected":false},"excerpt":{"rendered":"P\u00f3ngase en contactoCompruebe usted mismo qu\u00e9 puede hacer CreditLogic para acelerar el crecimiento de su organizaci\u00f3n. Estamos deseando ense\u00f1arle c\u00f3mo funciona. OficinasIrlanda 10 Clare St, Dubl\u00edn, D02 WY43 Espa\u00f1a Calle de Don Ram\u00f3n de la Cruz 38, Salamanca, 28001 Madrid [vc_raw_html]PHNjcmlwdCBjaGFyc2V0PSJ1dGYtOCIgdHlwZT0idGV4dC9qYXZhc2NyaXB0IiBzcmM9Ii8vanMtZXUxLmhzZm9ybXMubmV0L2Zvcm1zL2VtYmVkL3YyLmpzIj48L3NjcmlwdD4KPHNjcmlwdD4KICBoYnNwdC5mb3Jtcy5jcmVhdGUoewogICAgcG9ydGFsSWQ6ICIyNzEwMTEzMCIsCiAgICBmb3JtSWQ6ICJlYWNjODA3OS0xYzgxLTQ4NGYtYTA2Ny1mNjJkYmU3NGE3ODAiCiAgfSk7Cjwvc2NyaXB0Pg==[\/vc_raw_html]Contamos con la confianza de las principales instituciones","protected":false},"author":8,"featured_media":2439,"parent":0,"menu_order":0,"comment_status":"closed","ping_status":"closed","template":"","meta":{"content-type":"","footnotes":""},"class_list":["post-2438","page","type-page","status-publish","has-post-thumbnail","hentry"],"yoast_head":"<!-- This site is optimized with the Yoast SEO plugin v27.2 - https:\/\/yoast.com\/product\/yoast-seo-wordpress\/ -->\n<title>P\u00f3ngase en contacto con CreditLogic<\/title>\n<meta name=\"description\" content=\"\u00bfTiene alguna pregunta sobre las soluciones de originaci\u00f3n de hipotecas innovadoras de CreditLogic? P\u00f3ngase en contacto con nuestro equipo hoy mismo para saber c\u00f3mo podemos ayudar a su empresa.\" \/>\n<meta name=\"robots\" content=\"index, follow, max-snippet:-1, max-image-preview:large, max-video-preview:-1\" \/>\n<link rel=\"canonical\" href=\"https:\/\/creditlogic.com\/es\/contacto\/\" \/>\n<meta property=\"og:locale\" content=\"es_ES\" \/>\n<meta property=\"og:type\" content=\"article\" \/>\n<meta property=\"og:title\" content=\"P\u00f3ngase en contacto con CreditLogic\" \/>\n<meta property=\"og:description\" content=\"\u00bfTiene alguna pregunta sobre las soluciones de originaci\u00f3n de hipotecas innovadoras de CreditLogic? P\u00f3ngase en contacto con nuestro equipo hoy mismo para saber c\u00f3mo podemos ayudar a su empresa.\" \/>\n<meta property=\"og:url\" content=\"https:\/\/creditlogic.com\/es\/contacto\/\" \/>\n<meta property=\"og:site_name\" content=\"CreditLogic\" \/>\n<meta property=\"article:modified_time\" content=\"2025-02-19T14:27:47+00:00\" \/>\n<meta property=\"og:image\" content=\"https:\/\/creditlogic.com\/wp-content\/uploads\/2024\/11\/favicon.png\" \/>\n\t<meta property=\"og:image:width\" content=\"512\" \/>\n\t<meta property=\"og:image:height\" content=\"512\" \/>\n\t<meta property=\"og:image:type\" content=\"image\/png\" \/>\n<meta name=\"twitter:card\" content=\"summary_large_image\" \/>\n<meta name=\"twitter:title\" content=\"P\u00f3ngase en contacto con CreditLogic\" \/>\n<meta name=\"twitter:description\" content=\"\u00bfTiene alguna pregunta sobre las soluciones de originaci\u00f3n de hipotecas innovadoras de CreditLogic? P\u00f3ngase en contacto con nuestro equipo hoy mismo para saber c\u00f3mo podemos ayudar a su empresa.\" \/>\n<meta name=\"twitter:site\" content=\"@creditlogictech\" \/>\n<meta name=\"twitter:label1\" content=\"Tiempo de lectura\" \/>\n\t<meta name=\"twitter:data1\" content=\"4 minutos\" \/>\n<script type=\"application\/ld+json\" class=\"yoast-schema-graph\">{\"@context\":\"https:\/\/schema.org\",\"@graph\":[{\"@type\":\"WebPage\",\"@id\":\"https:\/\/creditlogic.com\/es\/contacto\/\",\"url\":\"https:\/\/creditlogic.com\/es\/contacto\/\",\"name\":\"P\u00f3ngase en contacto con CreditLogic\",\"isPartOf\":{\"@id\":\"https:\/\/creditlogic.com\/es\/#website\"},\"primaryImageOfPage\":{\"@id\":\"https:\/\/creditlogic.com\/es\/contacto\/#primaryimage\"},\"image\":{\"@id\":\"https:\/\/creditlogic.com\/es\/contacto\/#primaryimage\"},\"thumbnailUrl\":\"https:\/\/creditlogic.com\/wp-content\/uploads\/2024\/11\/favicon.png\",\"datePublished\":\"2024-11-12T18:39:25+00:00\",\"dateModified\":\"2025-02-19T14:27:47+00:00\",\"description\":\"\u00bfTiene alguna pregunta sobre las soluciones de originaci\u00f3n de hipotecas innovadoras de CreditLogic? P\u00f3ngase en contacto con nuestro equipo hoy mismo para saber c\u00f3mo podemos ayudar a su empresa.\",\"breadcrumb\":{\"@id\":\"https:\/\/creditlogic.com\/es\/contacto\/#breadcrumb\"},\"inLanguage\":\"es\",\"potentialAction\":[{\"@type\":\"ReadAction\",\"target\":[\"https:\/\/creditlogic.com\/es\/contacto\/\"]}]},{\"@type\":\"ImageObject\",\"inLanguage\":\"es\",\"@id\":\"https:\/\/creditlogic.com\/es\/contacto\/#primaryimage\",\"url\":\"https:\/\/creditlogic.com\/wp-content\/uploads\/2024\/11\/favicon.png\",\"contentUrl\":\"https:\/\/creditlogic.com\/wp-content\/uploads\/2024\/11\/favicon.png\",\"width\":512,\"height\":512},{\"@type\":\"BreadcrumbList\",\"@id\":\"https:\/\/creditlogic.com\/es\/contacto\/#breadcrumb\",\"itemListElement\":[{\"@type\":\"ListItem\",\"position\":1,\"name\":\"Home\",\"item\":\"https:\/\/creditlogic.com\/es\/\"},{\"@type\":\"ListItem\",\"position\":2,\"name\":\"Contacto\"}]},{\"@type\":\"WebSite\",\"@id\":\"https:\/\/creditlogic.com\/es\/#website\",\"url\":\"https:\/\/creditlogic.com\/es\/\",\"name\":\"CreditLogic\",\"description\":\"Mortgage Origination, Radically Simplified\",\"publisher\":{\"@id\":\"https:\/\/creditlogic.com\/es\/#organization\"},\"potentialAction\":[{\"@type\":\"SearchAction\",\"target\":{\"@type\":\"EntryPoint\",\"urlTemplate\":\"https:\/\/creditlogic.com\/es\/?s={search_term_string}\"},\"query-input\":{\"@type\":\"PropertyValueSpecification\",\"valueRequired\":true,\"valueName\":\"search_term_string\"}}],\"inLanguage\":\"es\"},{\"@type\":\"Organization\",\"@id\":\"https:\/\/creditlogic.com\/es\/#organization\",\"name\":\"CreditLogic\",\"url\":\"https:\/\/creditlogic.com\/es\/\",\"logo\":{\"@type\":\"ImageObject\",\"inLanguage\":\"es\",\"@id\":\"https:\/\/creditlogic.com\/es\/#\/schema\/logo\/image\/\",\"url\":\"https:\/\/creditlogic.com\/wp-content\/uploads\/2024\/10\/logo.svg\",\"contentUrl\":\"https:\/\/creditlogic.com\/wp-content\/uploads\/2024\/10\/logo.svg\",\"width\":\"1600\",\"height\":\"1600\",\"caption\":\"CreditLogic\"},\"image\":{\"@id\":\"https:\/\/creditlogic.com\/es\/#\/schema\/logo\/image\/\"},\"sameAs\":[\"https:\/\/x.com\/creditlogictech\",\"https:\/\/www.linkedin.com\/company\/creditlogic\/\"]}]}<\/script>\n<!-- \/ Yoast SEO plugin. -->","yoast_head_json":{"title":"P\u00f3ngase en contacto con CreditLogic","description":"\u00bfTiene alguna pregunta sobre las soluciones de originaci\u00f3n de hipotecas innovadoras de CreditLogic? P\u00f3ngase en contacto con nuestro equipo hoy mismo para saber c\u00f3mo podemos ayudar a su empresa.","robots":{"index":"index","follow":"follow","max-snippet":"max-snippet:-1","max-image-preview":"max-image-preview:large","max-video-preview":"max-video-preview:-1"},"canonical":"https:\/\/creditlogic.com\/es\/contacto\/","og_locale":"es_ES","og_type":"article","og_title":"P\u00f3ngase en contacto con CreditLogic","og_description":"\u00bfTiene alguna pregunta sobre las soluciones de originaci\u00f3n de hipotecas innovadoras de CreditLogic? P\u00f3ngase en contacto con nuestro equipo hoy mismo para saber c\u00f3mo podemos ayudar a su empresa.","og_url":"https:\/\/creditlogic.com\/es\/contacto\/","og_site_name":"CreditLogic","article_modified_time":"2025-02-19T14:27:47+00:00","og_image":[{"width":512,"height":512,"url":"https:\/\/creditlogic.com\/wp-content\/uploads\/2024\/11\/favicon.png","type":"image\/png"}],"twitter_card":"summary_large_image","twitter_title":"P\u00f3ngase en contacto con CreditLogic","twitter_description":"\u00bfTiene alguna pregunta sobre las soluciones de originaci\u00f3n de hipotecas innovadoras de CreditLogic? P\u00f3ngase en contacto con nuestro equipo hoy mismo para saber c\u00f3mo podemos ayudar a su empresa.","twitter_site":"@creditlogictech","twitter_misc":{"Tiempo de lectura":"4 minutos"},"schema":{"@context":"https:\/\/schema.org","@graph":[{"@type":"WebPage","@id":"https:\/\/creditlogic.com\/es\/contacto\/","url":"https:\/\/creditlogic.com\/es\/contacto\/","name":"P\u00f3ngase en contacto con CreditLogic","isPartOf":{"@id":"https:\/\/creditlogic.com\/es\/#website"},"primaryImageOfPage":{"@id":"https:\/\/creditlogic.com\/es\/contacto\/#primaryimage"},"image":{"@id":"https:\/\/creditlogic.com\/es\/contacto\/#primaryimage"},"thumbnailUrl":"https:\/\/creditlogic.com\/wp-content\/uploads\/2024\/11\/favicon.png","datePublished":"2024-11-12T18:39:25+00:00","dateModified":"2025-02-19T14:27:47+00:00","description":"\u00bfTiene alguna pregunta sobre las soluciones de originaci\u00f3n de hipotecas innovadoras de CreditLogic? P\u00f3ngase en contacto con nuestro equipo hoy mismo para saber c\u00f3mo podemos ayudar a su empresa.","breadcrumb":{"@id":"https:\/\/creditlogic.com\/es\/contacto\/#breadcrumb"},"inLanguage":"es","potentialAction":[{"@type":"ReadAction","target":["https:\/\/creditlogic.com\/es\/contacto\/"]}]},{"@type":"ImageObject","inLanguage":"es","@id":"https:\/\/creditlogic.com\/es\/contacto\/#primaryimage","url":"https:\/\/creditlogic.com\/wp-content\/uploads\/2024\/11\/favicon.png","contentUrl":"https:\/\/creditlogic.com\/wp-content\/uploads\/2024\/11\/favicon.png","width":512,"height":512},{"@type":"BreadcrumbList","@id":"https:\/\/creditlogic.com\/es\/contacto\/#breadcrumb","itemListElement":[{"@type":"ListItem","position":1,"name":"Home","item":"https:\/\/creditlogic.com\/es\/"},{"@type":"ListItem","position":2,"name":"Contacto"}]},{"@type":"WebSite","@id":"https:\/\/creditlogic.com\/es\/#website","url":"https:\/\/creditlogic.com\/es\/","name":"CreditLogic","description":"Mortgage Origination, Radically Simplified","publisher":{"@id":"https:\/\/creditlogic.com\/es\/#organization"},"potentialAction":[{"@type":"SearchAction","target":{"@type":"EntryPoint","urlTemplate":"https:\/\/creditlogic.com\/es\/?s={search_term_string}"},"query-input":{"@type":"PropertyValueSpecification","valueRequired":true,"valueName":"search_term_string"}}],"inLanguage":"es"},{"@type":"Organization","@id":"https:\/\/creditlogic.com\/es\/#organization","name":"CreditLogic","url":"https:\/\/creditlogic.com\/es\/","logo":{"@type":"ImageObject","inLanguage":"es","@id":"https:\/\/creditlogic.com\/es\/#\/schema\/logo\/image\/","url":"https:\/\/creditlogic.com\/wp-content\/uploads\/2024\/10\/logo.svg","contentUrl":"https:\/\/creditlogic.com\/wp-content\/uploads\/2024\/10\/logo.svg","width":"1600","height":"1600","caption":"CreditLogic"},"image":{"@id":"https:\/\/creditlogic.com\/es\/#\/schema\/logo\/image\/"},"sameAs":["https:\/\/x.com\/creditlogictech","https:\/\/www.linkedin.com\/company\/creditlogic\/"]}]}},"_links":{"self":[{"href":"https:\/\/creditlogic.com\/es\/wp-json\/wp\/v2\/pages\/2438","targetHints":{"allow":["GET"]}}],"collection":[{"href":"https:\/\/creditlogic.com\/es\/wp-json\/wp\/v2\/pages"}],"about":[{"href":"https:\/\/creditlogic.com\/es\/wp-json\/wp\/v2\/types\/page"}],"author":[{"embeddable":true,"href":"https:\/\/creditlogic.com\/es\/wp-json\/wp\/v2\/users\/8"}],"replies":[{"embeddable":true,"href":"https:\/\/creditlogic.com\/es\/wp-json\/wp\/v2\/comments?post=2438"}],"version-history":[{"count":12,"href":"https:\/\/creditlogic.com\/es\/wp-json\/wp\/v2\/pages\/2438\/revisions"}],"predecessor-version":[{"id":2788,"href":"https:\/\/creditlogic.com\/es\/wp-json\/wp\/v2\/pages\/2438\/revisions\/2788"}],"wp:featuredmedia":[{"embeddable":true,"href":"https:\/\/creditlogic.com\/es\/wp-json\/wp\/v2\/media\/2439"}],"wp:attachment":[{"href":"https:\/\/creditlogic.com\/es\/wp-json\/wp\/v2\/media?parent=2438"}],"curies":[{"name":"wp","href":"https:\/\/api.w.org\/{rel}","templated":true}]}}